{"id":2868,"date":"2022-11-18T15:29:31","date_gmt":"2022-11-18T14:29:31","guid":{"rendered":"https:\/\/lp.imed.hr\/?page_id=2868"},"modified":"2023-02-03T16:49:23","modified_gmt":"2023-02-03T15:49:23","slug":"aparatic-za-zube-upitnik","status":"publish","type":"page","link":"https:\/\/lp.imed.hr\/sl\/aparatic-za-zube-upitnik\/","title":{"rendered":"Aparati\u0107 za zube upitnik"},"content":{"rendered":"<div data-elementor-type=\"wp-page\" data-elementor-id=\"2868\" class=\"elementor elementor-2868\" data-elementor-post-type=\"page\">\n\t\t\t\t\t\t<section class=\"elementor-section elementor-top-section elementor-element elementor-element-76f9acbf elementor-section-boxed elementor-section-height-default elementor-section-height-default\" data-id=\"76f9acbf\" data-element_type=\"section\" data-settings=\"{&quot;jet_parallax_layout_list&quot;:[]}\">\n\t\t\t\t\t\t<div class=\"elementor-container elementor-column-gap-default\">\n\t\t\t\t\t<div class=\"elementor-column elementor-col-33 elementor-top-column elementor-element elementor-element-1c45e801\" data-id=\"1c45e801\" data-element_type=\"column\">\n\t\t\t<div class=\"elementor-widget-wrap\">\n\t\t\t\t\t\t\t<\/div>\n\t\t<\/div>\n\t\t\t\t<div class=\"elementor-column elementor-col-33 elementor-top-column elementor-element elementor-element-15dd7515\" data-id=\"15dd7515\" data-element_type=\"column\">\n\t\t\t<div class=\"elementor-widget-wrap elementor-element-populated\">\n\t\t\t\t\t\t<div class=\"elementor-element elementor-element-4f16f99e elementor-widget elementor-widget-image\" data-id=\"4f16f99e\" data-element_type=\"widget\" data-widget_type=\"image.default\">\n\t\t\t\t<div class=\"elementor-widget-container\">\n\t\t\t\t\t\t\t\t\t\t\t\t\t\t\t<img fetchpriority=\"high\" decoding=\"async\" width=\"800\" height=\"400\" src=\"https:\/\/lp.imed.hr\/wp-content\/uploads\/2022\/11\/imed-logo-1-1024x512.png\" class=\"attachment-large size-large wp-image-2698\" alt=\"\" srcset=\"https:\/\/lp.imed.hr\/wp-content\/uploads\/2022\/11\/imed-logo-1-1024x512.png 1024w, https:\/\/lp.imed.hr\/wp-content\/uploads\/2022\/11\/imed-logo-1-300x150.png 300w, https:\/\/lp.imed.hr\/wp-content\/uploads\/2022\/11\/imed-logo-1-768x384.png 768w, https:\/\/lp.imed.hr\/wp-content\/uploads\/2022\/11\/imed-logo-1.png 1200w\" sizes=\"(max-width: 800px) 100vw, 800px\" \/>\t\t\t\t\t\t\t\t\t\t\t\t\t\t\t<\/div>\n\t\t\t\t<\/div>\n\t\t\t\t\t<\/div>\n\t\t<\/div>\n\t\t\t\t<div class=\"elementor-column elementor-col-33 elementor-top-column elementor-element elementor-element-67cc81eb\" data-id=\"67cc81eb\" data-element_type=\"column\">\n\t\t\t<div class=\"elementor-widget-wrap\">\n\t\t\t\t\t\t\t<\/div>\n\t\t<\/div>\n\t\t\t\t\t<\/div>\n\t\t<\/section>\n\t\t\t\t<section class=\"elementor-section elementor-top-section elementor-element elementor-element-2705a47e elementor-section-height-full elementor-section-items-top elementor-section-boxed elementor-section-height-default\" data-id=\"2705a47e\" data-element_type=\"section\" data-settings=\"{&quot;jet_parallax_layout_list&quot;:[]}\">\n\t\t\t\t\t\t<div class=\"elementor-container elementor-column-gap-default\">\n\t\t\t\t\t<div class=\"elementor-column elementor-col-33 elementor-top-column elementor-element elementor-element-369962a8\" data-id=\"369962a8\" data-element_type=\"column\">\n\t\t\t<div class=\"elementor-widget-wrap\">\n\t\t\t\t\t\t\t<\/div>\n\t\t<\/div>\n\t\t\t\t<div class=\"elementor-column elementor-col-33 elementor-top-column elementor-element elementor-element-58ddf99a\" data-id=\"58ddf99a\" data-element_type=\"column\" data-settings=\"{&quot;background_background&quot;:&quot;classic&quot;}\">\n\t\t\t<div class=\"elementor-widget-wrap elementor-element-populated\">\n\t\t\t\t\t\t<div class=\"elementor-element elementor-element-895b1a5 elementor-widget elementor-widget-heading\" data-id=\"895b1a5\" data-element_type=\"widget\" data-widget_type=\"heading.default\">\n\t\t\t\t<div class=\"elementor-widget-container\">\n\t\t\t\t\t<h2 class=\"elementor-heading-title elementor-size-default\">Koji aparati\u0107 je najbolji za Vas?<\/h2>\t\t\t\t<\/div>\n\t\t\t\t<\/div>\n\t\t\t\t<div class=\"elementor-element elementor-element-753b8ae0 elementor-widget elementor-widget-heading\" data-id=\"753b8ae0\" data-element_type=\"widget\" data-widget_type=\"heading.default\">\n\t\t\t\t<div class=\"elementor-widget-container\">\n\t\t\t\t\t<h2 class=\"elementor-heading-title elementor-size-default\">Ortodontske bravice (\u2022 metalne \u2022 esteteske \u2022 zlatne) ili \"nevidljivi\" Aligneri?<\/h2>\t\t\t\t<\/div>\n\t\t\t\t<\/div>\n\t\t\t\t<div class=\"elementor-element elementor-element-3c7407a elementor-widget elementor-widget-spacer\" data-id=\"3c7407a\" data-element_type=\"widget\" data-widget_type=\"spacer.default\">\n\t\t\t\t<div class=\"elementor-widget-container\">\n\t\t\t\t\t\t\t<div class=\"elementor-spacer\">\n\t\t\t<div class=\"elementor-spacer-inner\"><\/div>\n\t\t<\/div>\n\t\t\t\t\t\t<\/div>\n\t\t\t\t<\/div>\n\t\t\t\t<div class=\"elementor-element elementor-element-49b40ef7 elementor-button-align-stretch elementor-widget elementor-widget-form\" data-id=\"49b40ef7\" data-element_type=\"widget\" data-settings=\"{&quot;step_next_label&quot;:&quot;Dalje&quot;,&quot;step_previous_label&quot;:&quot;Prethodno&quot;,&quot;step_type&quot;:&quot;none&quot;,&quot;button_width&quot;:&quot;100&quot;,&quot;step_icon_shape&quot;:&quot;circle&quot;}\" data-widget_type=\"form.default\">\n\t\t\t\t<div class=\"elementor-widget-container\">\n\t\t\t\t\t\t\t<form class=\"elementor-form\" method=\"post\" name=\"Zubni implantati upitnik\" aria-label=\"Zubni implantati upitnik\" action=\"\">\n\t\t\t<input type=\"hidden\" name=\"post_id\" value=\"2868\"\/>\n\t\t\t<input type=\"hidden\" name=\"form_id\" value=\"49b40ef7\"\/>\n\t\t\t<input type=\"hidden\" name=\"referer_title\" value=\"Aparati\u0107 za zube upitnik - Poliklinika IMED\" \/>\n\n\t\t\t\t\t\t\t<input type=\"hidden\" name=\"queried_id\" value=\"2868\"\/>\n\t\t\t\n\t\t\t<div class=\"elementor-form-fields-wrapper elementor-labels-above\">\n\t\t\t\t\t\t\t\t<div class=\"elementor-field-type-step elementor-field-group elementor-column elementor-field-group-field_3601bc8 elementor-col-100\">\n\t\t\t\t\t\t\t<div class=\"e-field-step elementor-hidden\" data-label=\"Korak 1\" data-previousbutton=\"\" data-nextbutton=\"\" data-iconurl=\"\" data-iconlibrary=\"fas fa-star\" data-icon=\"\" ><\/div>\n\n\t\t\t\t\t\t<\/div>\n\t\t\t\t\t\t\t\t<div class=\"elementor-field-type-number elementor-field-group elementor-column elementor-field-group-message elementor-col-100 elementor-field-required elementor-mark-required\">\n\t\t\t\t\t\t\t\t\t\t\t\t<label for=\"form-field-message\" class=\"elementor-field-label\">\n\t\t\t\t\t\t\t\tKoliko si star\/a?\t\t\t\t\t\t\t<\/label>\n\t\t\t\t\t\t\t\t\t<input type=\"number\" name=\"form_fields[message]\" id=\"form-field-message\" class=\"elementor-field elementor-size-md  elementor-field-textual\" required=\"required\" min=\"1\" max=\"100\" >\n\t\t\t\t\t\t<\/div>\n\t\t\t\t\t\t\t\t<div class=\"elementor-field-type-step elementor-field-group elementor-column elementor-field-group-field_490d651 elementor-col-100\">\n\t\t\t\t\t\t\t<div class=\"e-field-step elementor-hidden\" data-label=\"Korak 2\" data-previousbutton=\"\" data-nextbutton=\"\" data-iconurl=\"\" data-iconlibrary=\"fas fa-star\" data-icon=\"\" ><\/div>\n\n\t\t\t\t\t\t<\/div>\n\t\t\t\t\t\t\t\t<div class=\"elementor-field-type-select elementor-field-group elementor-column elementor-field-group-field_540c90d elementor-col-100\">\n\t\t\t\t\t\t\t\t\t\t\t\t<label for=\"form-field-field_540c90d\" class=\"elementor-field-label\">\n\t\t\t\t\t\t\t\tJesi li nekada nosio\/la aparati\u0107?\t\t\t\t\t\t\t<\/label>\n\t\t\t\t\t\t\t\t<div class=\"elementor-field elementor-select-wrapper remove-before\">\n\t\t\t<div class=\"select-caret-down-wrapper\">\n\t\t\t\t<i aria-hidden=\"true\" class=\"eicon-caret-down\"><\/i>\t\t\t<\/div>\n\t\t\t<select name=\"form_fields[field_540c90d]\" id=\"form-field-field_540c90d\" class=\"elementor-field-textual elementor-size-md\">\n\t\t\t\t\t\t\t\t\t<option value=\"Odaberi\">Odaberi<\/option>\n\t\t\t\t\t\t\t\t\t<option value=\"Da\">To<\/option>\n\t\t\t\t\t\t\t\t\t<option value=\"Ne\">Ne<\/option>\n\t\t\t\t\t\t\t<\/select>\n\t\t<\/div>\n\t\t\t\t\t\t<\/div>\n\t\t\t\t\t\t\t\t<div class=\"elementor-field-type-step elementor-field-group elementor-column elementor-field-group-field_12ef4eb elementor-col-100\">\n\t\t\t\t\t\t\t<div class=\"e-field-step elementor-hidden\" data-label=\"Korak 3\" data-previousbutton=\"\" data-nextbutton=\"\" data-iconurl=\"\" data-iconlibrary=\"fas fa-star\" data-icon=\"\" ><\/div>\n\n\t\t\t\t\t\t<\/div>\n\t\t\t\t\t\t\t\t<div class=\"elementor-field-type-select elementor-field-group elementor-column elementor-field-group-field_a53150b elementor-col-100\">\n\t\t\t\t\t\t\t\t\t\t\t\t<label for=\"form-field-field_a53150b\" class=\"elementor-field-label\">\n\t\t\t\t\t\t\t\t\u0160to te najvi\u0161e mu\u010di kod tvog osmijeha?\t\t\t\t\t\t\t<\/label>\n\t\t\t\t\t\t\t\t<div class=\"elementor-field elementor-select-wrapper remove-before\">\n\t\t\t<div class=\"select-caret-down-wrapper\">\n\t\t\t\t<i aria-hidden=\"true\" class=\"eicon-caret-down\"><\/i>\t\t\t<\/div>\n\t\t\t<select name=\"form_fields[field_a53150b]\" id=\"form-field-field_a53150b\" class=\"elementor-field-textual elementor-size-md\">\n\t\t\t\t\t\t\t\t\t<option value=\"Odaberi\">Odaberi<\/option>\n\t\t\t\t\t\t\t\t\t<option value=\"Razmak izme\u0111u zubi\">Razmak izme\u0111u zubi<\/option>\n\t\t\t\t\t\t\t\t\t<option value=\"Zub\/i koji str\u0161i\/e\">Zub\/i koji str\u0161i\/e<\/option>\n\t\t\t\t\t\t\t\t\t<option value=\"Problem sa zagrizom (otvoreni, duboki, obrnuti).\">Problem sa zagrizom (otvoreni, duboki, obrnuti).<\/option>\n\t\t\t\t\t\t\t\t\t<option value=\"Zbijeni zubi.\">Zbijeni zubi.<\/option>\n\t\t\t\t\t\t\t<\/select>\n\t\t<\/div>\n\t\t\t\t\t\t<\/div>\n\t\t\t\t\t\t\t\t<div class=\"elementor-field-type-step elementor-field-group elementor-column elementor-field-group-field_f1f7404 elementor-col-100\">\n\t\t\t\t\t\t\t<div class=\"e-field-step elementor-hidden\" data-label=\"Korak 4\" data-previousbutton=\"\" data-nextbutton=\"\" data-iconurl=\"\" data-iconlibrary=\"fas fa-star\" data-icon=\"\" ><\/div>\n\n\t\t\t\t\t\t<\/div>\n\t\t\t\t\t\t\t\t<div class=\"elementor-field-type-select elementor-field-group elementor-column elementor-field-group-field_b3c4dfa elementor-col-100\">\n\t\t\t\t\t\t\t\t\t\t\t\t<label for=\"form-field-field_b3c4dfa\" class=\"elementor-field-label\">\n\t\t\t\t\t\t\t\tKoja od navedenih situacija najbolje opisuje zbijenost tvojih zubi?\t\t\t\t\t\t\t<\/label>\n\t\t\t\t\t\t\t\t<div class=\"elementor-field elementor-select-wrapper remove-before\">\n\t\t\t<div class=\"select-caret-down-wrapper\">\n\t\t\t\t<i aria-hidden=\"true\" class=\"eicon-caret-down\"><\/i>\t\t\t<\/div>\n\t\t\t<select name=\"form_fields[field_b3c4dfa]\" id=\"form-field-field_b3c4dfa\" class=\"elementor-field-textual elementor-size-md\">\n\t\t\t\t\t\t\t\t\t<option value=\"Odaberi\">Odaberi<\/option>\n\t\t\t\t\t\t\t\t\t<option value=\"Nemam ili blaga zbijenost\">Nemam ili blaga zbijenost<\/option>\n\t\t\t\t\t\t\t\t\t<option value=\"Umjerena zbijenost\">Umjerena zbijenost<\/option>\n\t\t\t\t\t\t\t\t\t<option value=\"Pove\u0107ana zbijenost\">Pove\u0107ana zbijenost<\/option>\n\t\t\t\t\t\t\t<\/select>\n\t\t<\/div>\n\t\t\t\t\t\t<\/div>\n\t\t\t\t\t\t\t\t<div class=\"elementor-field-type-step elementor-field-group elementor-column elementor-field-group-field_a831e4e elementor-col-100\">\n\t\t\t\t\t\t\t<div class=\"e-field-step elementor-hidden\" data-label=\"Korak 5\" data-previousbutton=\"\" data-nextbutton=\"\" data-iconurl=\"\" data-iconlibrary=\"fas fa-star\" data-icon=\"\" ><\/div>\n\n\t\t\t\t\t\t<\/div>\n\t\t\t\t\t\t\t\t<div class=\"elementor-field-type-select elementor-field-group elementor-column elementor-field-group-field_6db7463 elementor-col-100\">\n\t\t\t\t\t\t\t\t\t\t\t\t<label for=\"form-field-field_6db7463\" class=\"elementor-field-label\">\n\t\t\t\t\t\t\t\t Koja od navedenih situacija najbolje opisuje razmake izme\u0111u tvoji zubi?\t\t\t\t\t\t\t<\/label>\n\t\t\t\t\t\t\t\t<div class=\"elementor-field elementor-select-wrapper remove-before\">\n\t\t\t<div class=\"select-caret-down-wrapper\">\n\t\t\t\t<i aria-hidden=\"true\" class=\"eicon-caret-down\"><\/i>\t\t\t<\/div>\n\t\t\t<select name=\"form_fields[field_6db7463]\" id=\"form-field-field_6db7463\" class=\"elementor-field-textual elementor-size-md\">\n\t\t\t\t\t\t\t\t\t<option value=\"Odaberi\">Odaberi<\/option>\n\t\t\t\t\t\t\t\t\t<option value=\"Nemam ili blagi razmaci\">Nemam ili blagi razmaci<\/option>\n\t\t\t\t\t\t\t\t\t<option value=\"Umjereni razmaci\">Umjereni razmaci<\/option>\n\t\t\t\t\t\t\t\t\t<option value=\"Pove\u0107ani razmaci\">Pove\u0107ani razmaci<\/option>\n\t\t\t\t\t\t\t<\/select>\n\t\t<\/div>\n\t\t\t\t\t\t<\/div>\n\t\t\t\t\t\t\t\t<div class=\"elementor-field-type-step elementor-field-group elementor-column elementor-field-group-field_50b069f elementor-col-100\">\n\t\t\t\t\t\t\t<div class=\"e-field-step elementor-hidden\" data-label=\"Korak 6\" data-previousbutton=\"\" data-nextbutton=\"\" data-iconurl=\"\" data-iconlibrary=\"fas fa-star\" data-icon=\"\" ><\/div>\n\n\t\t\t\t\t\t<\/div>\n\t\t\t\t\t\t\t\t<div class=\"elementor-field-type-select elementor-field-group elementor-column elementor-field-group-field_fb9731f elementor-col-100\">\n\t\t\t\t\t\t\t\t\t\t\t\t<label for=\"form-field-field_fb9731f\" class=\"elementor-field-label\">\n\t\t\t\t\t\t\t\tKoliko ti je bitna nevidljivost tvojih bravica?\t\t\t\t\t\t\t<\/label>\n\t\t\t\t\t\t\t\t<div class=\"elementor-field elementor-select-wrapper remove-before\">\n\t\t\t<div class=\"select-caret-down-wrapper\">\n\t\t\t\t<i aria-hidden=\"true\" class=\"eicon-caret-down\"><\/i>\t\t\t<\/div>\n\t\t\t<select name=\"form_fields[field_fb9731f]\" id=\"form-field-field_fb9731f\" class=\"elementor-field-textual elementor-size-md\">\n\t\t\t\t\t\t\t\t\t<option value=\"Odaberi\">Odaberi<\/option>\n\t\t\t\t\t\t\t\t\t<option value=\"Nije mi bitna vidljivost\">Nije mi bitna vidljivost<\/option>\n\t\t\t\t\t\t\t\t\t<option value=\"Nije mi problema nositi aparati\u0107 ali mi je dra\u017ee da se \u0161to manje vidi\">Nije mi problema nositi aparati\u0107 ali mi je dra\u017ee da se \u0161to manje vidi<\/option>\n\t\t\t\t\t\t\t\t\t<option value=\"Voljeo\/la bih da bude \u0161to manje vidljiv\">Voljeo\/la bih da bude \u0161to manje vidljiv<\/option>\n\t\t\t\t\t\t\t<\/select>\n\t\t<\/div>\n\t\t\t\t\t\t<\/div>\n\t\t\t\t\t\t\t\t<div class=\"elementor-field-type-step elementor-field-group elementor-column elementor-field-group-field_7727774 elementor-col-100\">\n\t\t\t\t\t\t\t<div class=\"e-field-step elementor-hidden\" data-label=\"Korak 7\" data-previousbutton=\"\" data-nextbutton=\"\" data-iconurl=\"\" data-iconlibrary=\"fas fa-star\" data-icon=\"\" ><\/div>\n\n\t\t\t\t\t\t<\/div>\n\t\t\t\t\t\t\t\t<div class=\"elementor-field-type-select elementor-field-group elementor-column elementor-field-group-field_1002ace elementor-col-100\">\n\t\t\t\t\t\t\t\t\t\t\t\t<label for=\"form-field-field_1002ace\" class=\"elementor-field-label\">\n\t\t\t\t\t\t\t\tBrzina, vidljivost, cijena su tri najva\u017enije stvari kada se odabire aparati\u0107. Odabirom bilo koje dvije, tre\u0107a se isklju\u010duje. Koje su tvoje najva\u017enije stavke?\t\t\t\t\t\t\t<\/label>\n\t\t\t\t\t\t\t\t<div class=\"elementor-field elementor-select-wrapper remove-before\">\n\t\t\t<div class=\"select-caret-down-wrapper\">\n\t\t\t\t<i aria-hidden=\"true\" class=\"eicon-caret-down\"><\/i>\t\t\t<\/div>\n\t\t\t<select name=\"form_fields[field_1002ace]\" id=\"form-field-field_1002ace\" class=\"elementor-field-textual elementor-size-md\">\n\t\t\t\t\t\t\t\t\t<option value=\"Odaberi\">Odaberi<\/option>\n\t\t\t\t\t\t\t\t\t<option value=\"Brzina i vidljivost\">Brzina i vidljivost<\/option>\n\t\t\t\t\t\t\t\t\t<option value=\"Brzina i cijena\">Brzina i cijena<\/option>\n\t\t\t\t\t\t\t\t\t<option value=\"Vidljivost i cijena\">Vidljivost i cijena<\/option>\n\t\t\t\t\t\t\t<\/select>\n\t\t<\/div>\n\t\t\t\t\t\t<\/div>\n\t\t\t\t\t\t\t\t<div class=\"elementor-field-type-step elementor-field-group elementor-column elementor-field-group-field_7ce517e elementor-col-100\">\n\t\t\t\t\t\t\t<div class=\"e-field-step elementor-hidden\" data-label=\"Korak 8\" data-previousbutton=\"\" data-nextbutton=\"\" data-iconurl=\"\" data-iconlibrary=\"fas fa-star\" data-icon=\"\" ><\/div>\n\n\t\t\t\t\t\t<\/div>\n\t\t\t\t\t\t\t\t<div class=\"elementor-field-type-text elementor-field-group elementor-column elementor-field-group-name elementor-col-100 elementor-field-required elementor-mark-required\">\n\t\t\t\t\t\t\t\t\t\t\t\t<label for=\"form-field-name\" class=\"elementor-field-label\">\n\t\t\t\t\t\t\t\tIme i Prezime\t\t\t\t\t\t\t<\/label>\n\t\t\t\t\t\t\t\t\t\t\t\t\t\t<input size=\"1\" type=\"text\" name=\"form_fields[name]\" id=\"form-field-name\" class=\"elementor-field elementor-size-md  elementor-field-textual\" placeholder=\"Ime i Prezime\" required=\"required\">\n\t\t\t\t\t\t\t\t\t\t\t<\/div>\n\t\t\t\t\t\t\t\t<div class=\"elementor-field-type-tel elementor-field-group elementor-column elementor-field-group-field_9e1656f elementor-col-100 elementor-field-required elementor-mark-required\">\n\t\t\t\t\t\t\t\t\t\t\t\t<label for=\"form-field-field_9e1656f\" class=\"elementor-field-label\">\n\t\t\t\t\t\t\t\tKontakt broj\t\t\t\t\t\t\t<\/label>\n\t\t\t\t\t\t\t\t<input size=\"1\" type=\"tel\" name=\"form_fields[field_9e1656f]\" id=\"form-field-field_9e1656f\" class=\"elementor-field elementor-size-md  elementor-field-textual\" placeholder=\"Kontakt broj\" required=\"required\" pattern=\"[0-9()#&amp;+*-=.]+\" title=\"Sprejemljive so samo \u0161tevilke in telefonski znaki (#, -, * itd.).\" data-no-translation-title=\"\">\n\n\t\t\t\t\t\t<\/div>\n\t\t\t\t\t\t\t\t<div class=\"elementor-field-type-email elementor-field-group elementor-column elementor-field-group-email elementor-col-100 elementor-field-required elementor-mark-required\">\n\t\t\t\t\t\t\t\t\t\t\t\t<label for=\"form-field-email\" class=\"elementor-field-label\">\n\t\t\t\t\t\t\t\tEmail\t\t\t\t\t\t\t<\/label>\n\t\t\t\t\t\t\t\t\t\t\t\t\t\t<input size=\"1\" type=\"email\" name=\"form_fields[email]\" id=\"form-field-email\" class=\"elementor-field elementor-size-md  elementor-field-textual\" placeholder=\"Email\" required=\"required\">\n\t\t\t\t\t\t\t\t\t\t\t<\/div>\n\t\t\t\t\t\t\t\t<div class=\"elementor-field-group elementor-column elementor-field-type-submit elementor-col-100 e-form__buttons\">\n\t\t\t\t\t<button class=\"elementor-button elementor-size-md elementor-animation-shrink\" type=\"submit\">\n\t\t\t\t\t\t<span class=\"elementor-button-content-wrapper\">\n\t\t\t\t\t\t\t\t\t\t\t\t\t\t\t\t\t\t\t\t\t\t<span class=\"elementor-button-text\">Po\u0161lji<\/span>\n\t\t\t\t\t\t\t\t\t\t\t\t\t<\/span>\n\t\t\t\t\t<\/button>\n\t\t\t\t<\/div>\n\t\t\t<\/div>\n\t\t<input type=\"hidden\" name=\"trp-form-language\" value=\"sl\"\/><\/form>\n\t\t\t\t\t\t<\/div>\n\t\t\t\t<\/div>\n\t\t\t\t<div class=\"elementor-element elementor-element-5a61973c elementor-widget elementor-widget-spacer\" data-id=\"5a61973c\" data-element_type=\"widget\" data-widget_type=\"spacer.default\">\n\t\t\t\t<div class=\"elementor-widget-container\">\n\t\t\t\t\t\t\t<div class=\"elementor-spacer\">\n\t\t\t<div class=\"elementor-spacer-inner\"><\/div>\n\t\t<\/div>\n\t\t\t\t\t\t<\/div>\n\t\t\t\t<\/div>\n\t\t\t\t<div class=\"elementor-element elementor-element-7169a16c elementor-widget elementor-widget-text-editor\" data-id=\"7169a16c\" data-element_type=\"widget\" data-widget_type=\"text-editor.default\">\n\t\t\t\t<div class=\"elementor-widget-container\">\n\t\t\t\t\t\t\t\t\t<p class=\"p2\">Slanjem ovog obrasca potvr\u0111ujete da ste pro\u010ditali i da se sla\u017eete sa slu\u017ebenim pravilima i uvjetima koji se nalaze na <span style=\"text-decoration: underline;\"><span style=\"color: #808080;\"><a style=\"color: #808080; text-decoration: underline;\" href=\"https:\/\/imed.hr\/hr\/o-nama\/pravila-zastite-privatnosti-osobnih-podataka\/\" target=\"_blank\" rel=\"noopener\">linku<\/a><\/span><\/span>, uklju\u010duju\u0107i davanje na uvid osobnih podataka Poliklinici Imed u svrhu odgovora na Upit i daljnje korespodencije te davanje na uvid osobnih podataka Poliklinici Imed u svrhu marketinga i slanja promotivnih ponuda.<\/p>\t\t\t\t\t\t\t\t<\/div>\n\t\t\t\t<\/div>\n\t\t\t\t\t<\/div>\n\t\t<\/div>\n\t\t\t\t<div class=\"elementor-column elementor-col-33 elementor-top-column elementor-element elementor-element-43c4e741\" data-id=\"43c4e741\" data-element_type=\"column\">\n\t\t\t<div class=\"elementor-widget-wrap\">\n\t\t\t\t\t\t\t<\/div>\n\t\t<\/div>\n\t\t\t\t\t<\/div>\n\t\t<\/section>\n\t\t\t\t<\/div>","protected":false},"excerpt":{"rendered":"<p>Koji aparati\u0107 je najbolji za Vas? Ortodontske bravice (\u2022 metalne \u2022 esteteske \u2022 zlatne) ili &#8220;nevidljivi&#8221; Aligneri? Slanjem ovog obrasca potvr\u0111ujete da ste pro\u010ditali i da se sla\u017eete sa slu\u017ebenim pravilima i uvjetima koji se nalaze na linku, uklju\u010duju\u0107i davanje na uvid osobnih podataka Poliklinici Imed u svrhu odgovora na Upit i daljnje korespodencije te [&hellip;]<\/p>","protected":false},"author":2,"featured_media":0,"parent":0,"menu_order":0,"comment_status":"closed","ping_status":"closed","template":"elementor_canvas","meta":{"content-type":"","footnotes":""},"class_list":["post-2868","page","type-page","status-publish","hentry"],"_links":{"self":[{"href":"https:\/\/lp.imed.hr\/sl\/wp-json\/wp\/v2\/pages\/2868","targetHints":{"allow":["GET"]}}],"collection":[{"href":"https:\/\/lp.imed.hr\/sl\/wp-json\/wp\/v2\/pages"}],"about":[{"href":"https:\/\/lp.imed.hr\/sl\/wp-json\/wp\/v2\/types\/page"}],"author":[{"embeddable":true,"href":"https:\/\/lp.imed.hr\/sl\/wp-json\/wp\/v2\/users\/2"}],"replies":[{"embeddable":true,"href":"https:\/\/lp.imed.hr\/sl\/wp-json\/wp\/v2\/comments?post=2868"}],"version-history":[{"count":24,"href":"https:\/\/lp.imed.hr\/sl\/wp-json\/wp\/v2\/pages\/2868\/revisions"}],"predecessor-version":[{"id":3121,"href":"https:\/\/lp.imed.hr\/sl\/wp-json\/wp\/v2\/pages\/2868\/revisions\/3121"}],"wp:attachment":[{"href":"https:\/\/lp.imed.hr\/sl\/wp-json\/wp\/v2\/media?parent=2868"}],"curies":[{"name":"delovni list","href":"https:\/\/api.w.org\/{rel}","templated":true}]}}