{"id":2949,"date":"2022-11-24T15:03:27","date_gmt":"2022-11-24T14:03:27","guid":{"rendered":"https:\/\/lp.imed.hr\/?page_id=2949"},"modified":"2025-01-11T09:38:53","modified_gmt":"2025-01-11T08:38:53","slug":"nacini-placanja-2","status":"publish","type":"page","link":"https:\/\/lp.imed.hr\/sl\/nacini-placanja-2\/","title":{"rendered":"Na\u010dini pla\u010dila"},"content":{"rendered":"<div data-elementor-type=\"wp-page\" data-elementor-id=\"2949\" class=\"elementor elementor-2949\" data-elementor-post-type=\"page\">\n\t\t\t\t\t\t<section class=\"elementor-section elementor-top-section elementor-element elementor-element-45f59 elementor-section-height-min-height elementor-section-content-middle elementor-section-boxed elementor-section-height-default elementor-section-items-middle\" data-id=\"45f59\" data-element_type=\"section\" data-settings=\"{&quot;jet_parallax_layout_list&quot;:[]}\">\n\t\t\t\t\t\t<div class=\"elementor-container elementor-column-gap-no\">\n\t\t\t\t\t<div class=\"elementor-column elementor-col-100 elementor-top-column elementor-element elementor-element-7da4cdd0\" data-id=\"7da4cdd0\" data-element_type=\"column\">\n\t\t\t<div class=\"elementor-widget-wrap elementor-element-populated\">\n\t\t\t\t\t\t<div class=\"elementor-element elementor-element-45fb6109 elementor-widget elementor-widget-jet-table\" data-id=\"45fb6109\" data-element_type=\"widget\" data-widget_type=\"jet-table.default\">\n\t\t\t\t<div class=\"elementor-widget-container\">\n\t\t\t\t\t<div class=\"elementor-jet-table jet-elements\">\n\t\t<div class=\"jet-table-wrapper\">\n\t\t\t<table class=\"jet-table jet-table--fa5-compat\">\n\t\t\t\t<thead class=\"jet-table__head\"><tr class=\"jet-table__head-row\"><th class=\"jet-table__cell elementor-repeater-item-843dfab jet-table__head-cell\" scope=\"col\"><div class=\"jet-table__cell-inner\"><div class=\"jet-table__cell-content\"><span class=\"jet-elements-icon jet-table__cell-icon jet-table__cell-icon--before\"><i aria-hidden=\"true\" class=\"fas fa-credit-card\"><\/i><\/span><div class=\"jet-table__cell-text\">Vrsta pla\u010dila<\/div><\/div><\/div><\/th><th class=\"jet-table__cell elementor-repeater-item-0d57cf5 jet-table__head-cell\" scope=\"col\"><div class=\"jet-table__cell-inner\"><div class=\"jet-table__cell-content\"><div class=\"jet-table__cell-text\">Enkratno<\/div><\/div><\/div><\/th><\/tr><\/thead>\n\t\t\t\t\t\t\t\t<tbody class=\"jet-table__body\"><tr class=\"jet-table__body-row elementor-repeater-item-5fbbf12\"><td class=\"jet-table__cell elementor-repeater-item-231606f jet-table__body-cell\"><div class=\"jet-table__cell-inner\"><div class=\"jet-table__cell-content\"><div class=\"jet-table__cell-text\">Pla\u010dilo z gotovino<\/div><\/div><\/div><\/td><td class=\"jet-table__cell elementor-repeater-item-2524296 jet-table__body-cell\"><div class=\"jet-table__cell-inner\"><div class=\"jet-table__cell-content\"><span class=\"jet-elements-icon jet-table__cell-icon jet-table__cell-icon--before\"><i aria-hidden=\"true\" class=\"fas fa-check\"><\/i><\/span><\/div><\/div><\/td><\/tr><tr class=\"jet-table__body-row elementor-repeater-item-6f5acbb\"><td class=\"jet-table__cell elementor-repeater-item-35876df jet-table__body-cell\"><div class=\"jet-table__cell-inner\"><div class=\"jet-table__cell-content\"><div class=\"jet-table__cell-text\">Pla\u010dilo s kartico<\/div><\/div><\/div><\/td><td class=\"jet-table__cell elementor-repeater-item-fb73912 jet-table__body-cell\"><div class=\"jet-table__cell-inner\"><div class=\"jet-table__cell-content\"><span class=\"jet-elements-icon jet-table__cell-icon jet-table__cell-icon--before\"><i aria-hidden=\"true\" class=\"fas fa-check\"><\/i><\/span><\/div><\/div><\/td><\/tr><\/tbody>\n\t\t\t<\/table>\n\t\t<\/div>\n\n\t\t<\/div>\t\t\t\t<\/div>\n\t\t\t\t<\/div>\n\t\t\t\t<div class=\"elementor-element elementor-element-3898ec37 elementor-widget elementor-widget-heading\" data-id=\"3898ec37\" data-element_type=\"widget\" data-widget_type=\"heading.default\">\n\t\t\t\t<div class=\"elementor-widget-container\">\n\t\t\t\t\t<h2 class=\"elementor-heading-title elementor-size-default\">Pla\u010dila s kartico na obroke<\/h2>\t\t\t\t<\/div>\n\t\t\t\t<\/div>\n\t\t\t\t<div class=\"elementor-element elementor-element-dea666c elementor-widget__width-initial elementor-widget elementor-widget-text-editor\" data-id=\"dea666c\" data-element_type=\"widget\" data-widget_type=\"text-editor.default\">\n\t\t\t\t<div class=\"elementor-widget-container\">\n\t\t\t\t\t\t\t\t\t<p>PBZ, ZABA, OTP, ERSTE<\/p>\t\t\t\t\t\t\t\t<\/div>\n\t\t\t\t<\/div>\n\t\t\t\t<div class=\"elementor-element elementor-element-a5529c1 elementor-widget__width-initial elementor-widget elementor-widget-text-editor\" data-id=\"a5529c1\" data-element_type=\"widget\" data-widget_type=\"text-editor.default\">\n\t\t\t\t<div class=\"elementor-widget-container\">\n\t\t\t\t\t\t\t\t\t<p class=\"p1\">Za zneske do 200 evrov obro\u010dno pla\u010dilo s karticami ne bo mogo\u010de.<\/p><p class=\"p2\">Za zneske od 200 do 500 evrov je mo\u017eno odpla\u010devanje v 2 do 6 obrokih.<\/p><p class=\"p2\">Za zneske od 500 do 1.000 evrov je mo\u017eno uporabiti od 2 do 12 obrokov.<\/p><p class=\"p2\">Za zneske od 1.000 do 2.000 evrov je mo\u017eno uporabiti od 2 do 18 obrokov.<\/p><p class=\"p2\">Za zneske v vi\u0161ini 2.000 evrov ali ve\u010d je mo\u017eno odpla\u010devanje v 2 do 24 obrokih.<\/p><p class=\"p2\">Pla\u010dilo s kartico v ve\u010d kot 24 obrokih ne bo mogo\u010de, ne glede na znesek in ne glede na vrsto izdajatelja kartice (Visa, MC, Maestro, Diners).<\/p>\t\t\t\t\t\t\t\t<\/div>\n\t\t\t\t<\/div>\n\t\t\t\t\t<\/div>\n\t\t<\/div>\n\t\t\t\t\t<\/div>\n\t\t<\/section>\n\t\t\t\t<\/div>","protected":false},"excerpt":{"rendered":"<p>Vrsta pla\u0107anja Jednokratno Gotovinsko pla\u0107anje Karti\u010dno pla\u0107anje Obro\u010dno pla\u0107anje karticama na rate PBZ, ZABA, OTP, ERSTE Za iznose do 200 eura ne\u0107e biti mogu\u0107e obro\u010dno pla\u0107anje preko kartica. Za iznose od 200 do 500 eura mogu\u0107e je koristiti od 2 do 6 rata. Za iznose od 500 do 1.000 eura mogu\u0107e je koristiti od 2 [&hellip;]<\/p>","protected":false},"author":2,"featured_media":0,"parent":0,"menu_order":0,"comment_status":"closed","ping_status":"closed","template":"elementor_canvas","meta":{"content-type":"","footnotes":""},"class_list":["post-2949","page","type-page","status-publish","hentry"],"_links":{"self":[{"href":"https:\/\/lp.imed.hr\/sl\/wp-json\/wp\/v2\/pages\/2949","targetHints":{"allow":["GET"]}}],"collection":[{"href":"https:\/\/lp.imed.hr\/sl\/wp-json\/wp\/v2\/pages"}],"about":[{"href":"https:\/\/lp.imed.hr\/sl\/wp-json\/wp\/v2\/types\/page"}],"author":[{"embeddable":true,"href":"https:\/\/lp.imed.hr\/sl\/wp-json\/wp\/v2\/users\/2"}],"replies":[{"embeddable":true,"href":"https:\/\/lp.imed.hr\/sl\/wp-json\/wp\/v2\/comments?post=2949"}],"version-history":[{"count":33,"href":"https:\/\/lp.imed.hr\/sl\/wp-json\/wp\/v2\/pages\/2949\/revisions"}],"predecessor-version":[{"id":7399,"href":"https:\/\/lp.imed.hr\/sl\/wp-json\/wp\/v2\/pages\/2949\/revisions\/7399"}],"wp:attachment":[{"href":"https:\/\/lp.imed.hr\/sl\/wp-json\/wp\/v2\/media?parent=2949"}],"curies":[{"name":"delovni list","href":"https:\/\/api.w.org\/{rel}","templated":true}]}}